{"id":9320,"date":"2021-02-15T15:10:31","date_gmt":"2021-02-15T14:10:31","guid":{"rendered":"https:\/\/kidzstickers.com\/gebrauchsanweisung\/"},"modified":"2021-02-15T15:10:31","modified_gmt":"2021-02-15T14:10:31","slug":"gebrauchsanweisung","status":"publish","type":"page","link":"\/de\/gebrauchsanweisung\/","title":{"rendered":"Gebrauchsanweisung"},"content":{"rendered":"\n<p>Um sicherzustellen, dass Ihre Etiketten ideal auf den verschiedenen Tr\u00e4gern (Kleidung, Schuhe, Gegenst\u00e4nde usw.) haften, befolgen Sie einfach die unten beschriebenen Schritte.<\/p>\n\n<h3 class=\"wp-block-heading\">Anleitung f\u00fcr selbstklebende Etiketten:<\/h3>\n\n<p>F\u00fchren Sie die folgenden Schritte aus, um sicherzustellen, dass Ihre Etiketten \u00fcber einen l\u00e4ngeren Zeitraum gut haften:<\/p>\n\n<ul class=\"wp-block-list\"><li>Reinigen und entfetten Sie gr\u00fcndlich die Oberfl\u00e4che, auf die Sie Ihre Etikette kleben m\u00f6chten<\/li><li>\u00dcben Sie auf die gesamte Etikettenfl\u00e4che Druck aus.<\/li><li><strong>Ihre Etikette klebt!<\/strong><\/li><\/ul>\n<h3 class=\"wp-block-heading\">Anleitung f\u00fcr die Sti\u2019Kidz:<\/h3>\n\n<p>Die Sti&#8217;Kidz haben einen speziellen Klebstoff, der auf den Etiketten Ihrer Kleidung haftet (nicht auf dem Stoff des Kleidungsst\u00fccks selbst). Um sicherzustellen, dass Ihre Sti&#8217;Kidz auf Ihrer Kleidung gut haften, befolgen Sie bitte die folgenden Schritte:<\/p>\n\n<ul class=\"wp-block-list\"><li>Dr\u00fccken Sie den Sti&#8217;Kidz einige Sekunden lang fest auf das Etikett auf der Innenseite Ihres Kleidungsst\u00fccks. <\/li><li>Warten Sie 12-24 Stunden, bevor Sie das Kleidungsst\u00fcck zum ersten Mal waschen<\/li><li><strong>Ihre Etikette klebt!<\/strong><\/li><\/ul>\n<h3 class=\"wp-block-heading\"> Anleitung f\u00fcr B\u00fcgeletiketten: <\/h3>\n\n<ul class=\"wp-block-list\"><li>Positionieren Sie die B\u00fcgeletikette auf der gew\u00e4hlten Stelle des Kleidungsst\u00fccks (vermeiden Sie elastische Bereiche).<\/li><li>Bedecken Sie die Etikette mit herk\u00f6mmlichem Backpapier.<\/li><li>Dr\u00fccken Sie Ihr B\u00fcgeleisen (T 150-180\u00b0C, Baumwollposition) 15 bis 20 Sekunden lang ohne Bewegung und ohne Dampf auf das Backpapier.<\/li><li>Lassen Sie das Backpapier abk\u00fchlen, bevor Sie es entfernen.<\/li><li><strong>Ihre Etikette klebt!<\/strong><\/li><\/ul>\n<p>Die Etiketten k\u00f6nnen problemlos oft in der Waschmaschine gewaschen werden (maximal 60\u00b0). Warten Sie mindestens 12 Stunden zwischen dem Aufb\u00fcgeln der Etikette und der ersten W\u00e4sche in der Waschmaschine. Wenn Sie diese Anweisungen richtig befolgen, werden Ihre Etiketten viele Jahre lang haften!<\/p>\n\n<h3 class=\"wp-block-heading\">Schuh-Etiketten:<\/h3>\n\n<ul class=\"wp-block-list\"><li>Kleben Sie die Etikette auf eine saubere Oberfl\u00e4che auf der Innenseite des Schuhs in H\u00f6he der Ferse.<\/li><li>Achten Sie darauf, die Etiketten so zu positionieren, dass sich das Motiv zwischen den beiden Schuhen erg\u00e4nzt: ein p\u00e4dagogischer und spielerischer Ansatz, um Ihren Kindern die Unterscheidung zwischen links und rechts beizubringen!<\/li><\/ul>","protected":false},"excerpt":{"rendered":"<p>Um sicherzustellen, dass Ihre Etiketten ideal auf den verschiedenen Tr\u00e4gern (Kleidung, Schuhe, Gegenst\u00e4nde usw.) haften, befolgen Sie einfach die unten beschriebenen Schritte. Anleitung f\u00fcr selbstklebende Etiketten: F\u00fchren Sie die folgenden Schritte aus, um sicherzustellen, dass Ihre Etiketten \u00fcber einen l\u00e4ngeren Zeitraum gut haften: Reinigen und entfetten Sie gr\u00fcndlich die Oberfl\u00e4che, auf die Sie Ihre Etikette [&hellip;]<\/p>\n","protected":false},"author":1,"featured_media":0,"parent":0,"menu_order":0,"comment_status":"closed","ping_status":"closed","template":"","meta":{"site-sidebar-layout":"no-sidebar","site-content-layout":"page-builder","ast-site-content-layout":"default","site-content-style":"default","site-sidebar-style":"default","ast-global-header-display":"","ast-banner-title-visibility":"","ast-main-header-display":"","ast-hfb-above-header-display":"","ast-hfb-below-header-display":"","ast-hfb-mobile-header-display":"","site-post-title":"","ast-breadcrumbs-content":"","ast-featured-img":"disabled","footer-sml-layout":"","ast-disable-related-posts":"","theme-transparent-header-meta":"default","adv-header-id-meta":"","stick-header-meta":"","header-above-stick-meta":"","header-main-stick-meta":"","header-below-stick-meta":"","astra-migrate-meta-layouts":"default","ast-page-background-enabled":"default","ast-page-background-meta":{"desktop":{"background-color":"","background-image":"","background-repeat":"repeat","background-position":"center center","background-size":"auto","background-attachment":"scroll","background-type":"","background-media":"","overlay-type":"","overlay-color":"","overlay-opacity":"","overlay-gradient":""},"tablet":{"background-color":"","background-image":"","background-repeat":"repeat","background-position":"center center","background-size":"auto","background-attachment":"scroll","background-type":"","background-media":"","overlay-type":"","overlay-color":"","overlay-opacity":"","overlay-gradient":""},"mobile":{"background-color":"","background-image":"","background-repeat":"repeat","background-position":"center center","background-size":"auto","background-attachment":"scroll","background-type":"","background-media":"","overlay-type":"","overlay-color":"","overlay-opacity":"","overlay-gradient":""}},"ast-content-background-meta":{"desktop":{"background-color":"var(--ast-global-color-5)","background-image":"","background-repeat":"repeat","background-position":"center center","background-size":"auto","background-attachment":"scroll","background-type":"","background-media":"","overlay-type":"","overlay-color":"","overlay-opacity":"","overlay-gradient":""},"tablet":{"background-color":"var(--ast-global-color-5)","background-image":"","background-repeat":"repeat","background-position":"center center","background-size":"auto","background-attachment":"scroll","background-type":"","background-media":"","overlay-type":"","overlay-color":"","overlay-opacity":"","overlay-gradient":""},"mobile":{"background-color":"var(--ast-global-color-5)","background-image":"","background-repeat":"repeat","background-position":"center center","background-size":"auto","background-attachment":"scroll","background-type":"","background-media":"","overlay-type":"","overlay-color":"","overlay-opacity":"","overlay-gradient":""}},"footnotes":""},"class_list":["post-9320","page","type-page","status-publish","hentry"],"yoast_head":"<!-- This site is optimized with the Yoast SEO plugin v27.3 - https:\/\/yoast.com\/product\/yoast-seo-wordpress\/ -->\n<title>Gebrauchsanweisung | KidzStickers - Vos \u00e9tiquettes personnalis\u00e9es pour objets et v\u00eatements - Vos \u00e9tiquettes autocollantes personnalis\u00e9es<\/title>\n<meta name=\"robots\" content=\"index, follow, max-snippet:-1, max-image-preview:large, max-video-preview:-1\" \/>\n<link rel=\"canonical\" href=\"\/de\/gebrauchsanweisung\/\" \/>\n<meta property=\"og:locale\" content=\"de_DE\" \/>\n<meta property=\"og:type\" content=\"article\" \/>\n<meta property=\"og:title\" content=\"Gebrauchsanweisung | KidzStickers - Vos \u00e9tiquettes personnalis\u00e9es pour objets et v\u00eatements - Vos \u00e9tiquettes autocollantes personnalis\u00e9es\" \/>\n<meta property=\"og:description\" content=\"Um sicherzustellen, dass Ihre Etiketten ideal auf den verschiedenen Tr\u00e4gern (Kleidung, Schuhe, Gegenst\u00e4nde usw.) haften, befolgen Sie einfach die unten beschriebenen Schritte. Anleitung f\u00fcr selbstklebende Etiketten: F\u00fchren Sie die folgenden Schritte aus, um sicherzustellen, dass Ihre Etiketten \u00fcber einen l\u00e4ngeren Zeitraum gut haften: Reinigen und entfetten Sie gr\u00fcndlich die Oberfl\u00e4che, auf die Sie Ihre Etikette [&hellip;]\" \/>\n<meta property=\"og:url\" content=\"\/de\/gebrauchsanweisung\/\" \/>\n<meta property=\"og:site_name\" content=\"KidzStickers - Vos \u00e9tiquettes personnalis\u00e9es pour objets et v\u00eatements\" \/>\n<meta name=\"twitter:card\" content=\"summary_large_image\" \/>\n<meta name=\"twitter:label1\" content=\"Gesch\u00e4tzte Lesezeit\" \/>\n\t<meta name=\"twitter:data1\" content=\"2\u00a0Minuten\" \/>\n<script type=\"application\/ld+json\" class=\"yoast-schema-graph\">{\"@context\":\"https:\\\/\\\/schema.org\",\"@graph\":[{\"@type\":\"WebPage\",\"@id\":\"https:\\\/\\\/kidzstickers.com\\\/de\\\/gebrauchsanweisung\\\/\",\"url\":\"https:\\\/\\\/kidzstickers.com\\\/de\\\/gebrauchsanweisung\\\/\",\"name\":\"Gebrauchsanweisung | KidzStickers - Vos \u00e9tiquettes personnalis\u00e9es pour objets et v\u00eatements - Vos \u00e9tiquettes autocollantes personnalis\u00e9es\",\"isPartOf\":{\"@id\":\"https:\\\/\\\/kidzstickers.com\\\/de\\\/#website\"},\"datePublished\":\"2021-02-15T14:10:31+00:00\",\"breadcrumb\":{\"@id\":\"https:\\\/\\\/kidzstickers.com\\\/de\\\/gebrauchsanweisung\\\/#breadcrumb\"},\"inLanguage\":\"de\",\"potentialAction\":[{\"@type\":\"ReadAction\",\"target\":[\"https:\\\/\\\/kidzstickers.com\\\/de\\\/gebrauchsanweisung\\\/\"]}]},{\"@type\":\"BreadcrumbList\",\"@id\":\"https:\\\/\\\/kidzstickers.com\\\/de\\\/gebrauchsanweisung\\\/#breadcrumb\",\"itemListElement\":[{\"@type\":\"ListItem\",\"position\":1,\"name\":\"Accueil\",\"item\":\"https:\\\/\\\/kidzstickers.com\\\/de\\\/\"},{\"@type\":\"ListItem\",\"position\":2,\"name\":\"Gebrauchsanweisung\"}]},{\"@type\":\"WebSite\",\"@id\":\"https:\\\/\\\/kidzstickers.com\\\/de\\\/#website\",\"url\":\"https:\\\/\\\/kidzstickers.com\\\/de\\\/\",\"name\":\"KidzStickers - Vos \u00e9tiquettes personnalis\u00e9es pour objets et v\u00eatements\",\"description\":\"Stickers personnalis\u00e9s pour habits et objets\",\"publisher\":{\"@id\":\"https:\\\/\\\/kidzstickers.com\\\/de\\\/#organization\"},\"potentialAction\":[{\"@type\":\"SearchAction\",\"target\":{\"@type\":\"EntryPoint\",\"urlTemplate\":\"https:\\\/\\\/kidzstickers.com\\\/de\\\/?s={search_term_string}\"},\"query-input\":{\"@type\":\"PropertyValueSpecification\",\"valueRequired\":true,\"valueName\":\"search_term_string\"}}],\"inLanguage\":\"de\"},{\"@type\":\"Organization\",\"@id\":\"https:\\\/\\\/kidzstickers.com\\\/de\\\/#organization\",\"name\":\"KidzStickers\",\"url\":\"https:\\\/\\\/kidzstickers.com\\\/de\\\/\",\"logo\":{\"@type\":\"ImageObject\",\"inLanguage\":\"de\",\"@id\":\"https:\\\/\\\/kidzstickers.com\\\/de\\\/#\\\/schema\\\/logo\\\/image\\\/\",\"url\":\"https:\\\/\\\/www.kidzstickers.ch\\\/wp-content\\\/uploads\\\/2020\\\/05\\\/cropped-kidzstickers-1.png\",\"contentUrl\":\"https:\\\/\\\/www.kidzstickers.ch\\\/wp-content\\\/uploads\\\/2020\\\/05\\\/cropped-kidzstickers-1.png\",\"width\":160,\"height\":160,\"caption\":\"KidzStickers\"},\"image\":{\"@id\":\"https:\\\/\\\/kidzstickers.com\\\/de\\\/#\\\/schema\\\/logo\\\/image\\\/\"}}]}<\/script>\n<!-- \/ Yoast SEO plugin. -->","yoast_head_json":{"title":"Gebrauchsanweisung | KidzStickers - Vos \u00e9tiquettes personnalis\u00e9es pour objets et v\u00eatements - Vos \u00e9tiquettes autocollantes personnalis\u00e9es","robots":{"index":"index","follow":"follow","max-snippet":"max-snippet:-1","max-image-preview":"max-image-preview:large","max-video-preview":"max-video-preview:-1"},"canonical":"\/de\/gebrauchsanweisung\/","og_locale":"de_DE","og_type":"article","og_title":"Gebrauchsanweisung | KidzStickers - Vos \u00e9tiquettes personnalis\u00e9es pour objets et v\u00eatements - Vos \u00e9tiquettes autocollantes personnalis\u00e9es","og_description":"Um sicherzustellen, dass Ihre Etiketten ideal auf den verschiedenen Tr\u00e4gern (Kleidung, Schuhe, Gegenst\u00e4nde usw.) haften, befolgen Sie einfach die unten beschriebenen Schritte. Anleitung f\u00fcr selbstklebende Etiketten: F\u00fchren Sie die folgenden Schritte aus, um sicherzustellen, dass Ihre Etiketten \u00fcber einen l\u00e4ngeren Zeitraum gut haften: Reinigen und entfetten Sie gr\u00fcndlich die Oberfl\u00e4che, auf die Sie Ihre Etikette [&hellip;]","og_url":"\/de\/gebrauchsanweisung\/","og_site_name":"KidzStickers - Vos \u00e9tiquettes personnalis\u00e9es pour objets et v\u00eatements","twitter_card":"summary_large_image","twitter_misc":{"Gesch\u00e4tzte Lesezeit":"2\u00a0Minuten"},"schema":{"@context":"https:\/\/schema.org","@graph":[{"@type":"WebPage","@id":"\/de\/gebrauchsanweisung\/","url":"\/de\/gebrauchsanweisung\/","name":"Gebrauchsanweisung | KidzStickers - Vos \u00e9tiquettes personnalis\u00e9es pour objets et v\u00eatements - Vos \u00e9tiquettes autocollantes personnalis\u00e9es","isPartOf":{"@id":"\/de\/#website"},"datePublished":"2021-02-15T14:10:31+00:00","breadcrumb":{"@id":"\/de\/gebrauchsanweisung\/#breadcrumb"},"inLanguage":"de","potentialAction":[{"@type":"ReadAction","target":["\/de\/gebrauchsanweisung\/"]}]},{"@type":"BreadcrumbList","@id":"\/de\/gebrauchsanweisung\/#breadcrumb","itemListElement":[{"@type":"ListItem","position":1,"name":"Accueil","item":"\/de\/"},{"@type":"ListItem","position":2,"name":"Gebrauchsanweisung"}]},{"@type":"WebSite","@id":"\/de\/#website","url":"\/de\/","name":"KidzStickers - Vos \u00e9tiquettes personnalis\u00e9es pour objets et v\u00eatements","description":"Stickers personnalis\u00e9s pour habits et objets","publisher":{"@id":"\/de\/#organization"},"potentialAction":[{"@type":"SearchAction","target":{"@type":"EntryPoint","urlTemplate":"\/de\/?s={search_term_string}"},"query-input":{"@type":"PropertyValueSpecification","valueRequired":true,"valueName":"search_term_string"}}],"inLanguage":"de"},{"@type":"Organization","@id":"\/de\/#organization","name":"KidzStickers","url":"\/de\/","logo":{"@type":"ImageObject","inLanguage":"de","@id":"\/de\/#\/schema\/logo\/image\/","url":"https:\/\/www.kidzstickers.ch\/wp-content\/uploads\/2020\/05\/cropped-kidzstickers-1.png","contentUrl":"https:\/\/www.kidzstickers.ch\/wp-content\/uploads\/2020\/05\/cropped-kidzstickers-1.png","width":160,"height":160,"caption":"KidzStickers"},"image":{"@id":"\/de\/#\/schema\/logo\/image\/"}}]}},"jetpack_sharing_enabled":true,"_links":{"self":[{"href":"\/de\/wp-json\/wp\/v2\/pages\/9320","targetHints":{"allow":["GET"]}}],"collection":[{"href":"\/de\/wp-json\/wp\/v2\/pages"}],"about":[{"href":"\/de\/wp-json\/wp\/v2\/types\/page"}],"author":[{"embeddable":true,"href":"\/de\/wp-json\/wp\/v2\/users\/1"}],"replies":[{"embeddable":true,"href":"\/de\/wp-json\/wp\/v2\/comments?post=9320"}],"version-history":[{"count":0,"href":"\/de\/wp-json\/wp\/v2\/pages\/9320\/revisions"}],"wp:attachment":[{"href":"\/de\/wp-json\/wp\/v2\/media?parent=9320"}],"curies":[{"name":"wp","href":"https:\/\/api.w.org\/{rel}","templated":true}]}}