{"id":9326,"date":"2021-02-15T15:19:43","date_gmt":"2021-02-15T14:19:43","guid":{"rendered":"https:\/\/kidzstickers.com\/allgemeine-geschaeftsbedingungen\/"},"modified":"2021-02-15T15:19:45","modified_gmt":"2021-02-15T14:19:45","slug":"allgemeine-geschaeftsbedingungen","status":"publish","type":"page","link":"\/de\/allgemeine-geschaeftsbedingungen\/","title":{"rendered":"Allgemeine Gesch\u00e4ftsbedingungen"},"content":{"rendered":"\n<h2 class=\"wp-block-heading\">Allgemeine Bestimmungen<\/h2>\n\n<p>Die Allgemeinen Gesch\u00e4ftsbedingungen (im Folgenden &#8222;<strong>AGB<\/strong>&#8222;) gelten f\u00fcr alle Rechtsgesch\u00e4fte, die \u00fcber den von der Firma komunik s\u00e0rl (im Folgenden &#8222;<strong>komunik<\/strong>&#8222;) betriebenen Online-Shop www.kidzstickers.com abgeschlossen werden.&#13;\n&#13;\nNur die franz\u00f6sische Version ist verbindlich.<\/p>\n\n<p>komunik beh\u00e4lt sich das Recht vor, die AGB jederzeit zu \u00e4ndern. Die zum Zeitpunkt der Bestellung g\u00fcltige Fassung der AGB ist massgeblich und kann f\u00fcr eine Bestellung nicht einseitig ge\u00e4ndert werden. Entgegenstehende oder von diesen AGB abweichende Bedingungen des Bestellers werden nicht anerkannt.<\/p>\n\n<p>Das Angebot des Online-Shops richtet sich ausschliesslich an Kunden, die ihren Wohnsitz\/Gesch\u00e4ftssitz in der Schweiz oder in Liechtenstein haben. Die Lieferung erfolgt nur an Adressen in der Schweiz oder Liechtenstein.<\/p>\n\n<p>Das Angebot gilt, solange das Produkt im Online-Shop zu finden ist. komunik beh\u00e4lt sich das Recht vor, Bestellungen abzulehnen, ohne dass dies einer Begr\u00fcndung bedarf, zum Beispiel wenn die Bestellmenge \u00fcber eine haushalts\u00fcbliche Menge hinausgeht oder aus anderen Gr\u00fcnden.<\/p>\n\n<h2 class=\"wp-block-heading\">Produkte und Preise<\/h2>\n\n<p>Produktabbildungen in Werbung, Prospekten, Online-Shop etc. dienen nur der Illustration und sind nicht verbindlich. Farbabweichungen zwischen der Darstellung auf einem Computer- oder Smartphone-Bildschirm oder sogar in einer Brosch\u00fcre und dem fertigen Produkt k\u00f6nnen kein Grund zur Reklamation sein.<\/p>\n\n<p>Die Preise verstehen sich netto, in Schweizer Franken, inklusive Mehrwertsteuer. komunik beh\u00e4lt sich das Recht vor, die Preise jederzeit zu \u00e4ndern. Massgeblich ist der zum Zeitpunkt der Bestellung im Online-Shop angegebene Preis.<\/p>\n\n<h2 class=\"wp-block-heading\">Verf\u00fcgbarkeit und Lieferfrist<\/h2>\n\n<p>komunik setzt alles daran, Bestellungen so schnell wie m\u00f6glich zu produzieren und zu liefern. Aufgrund von Produktions- oder Lieferproblemen kann es jedoch zu Verz\u00f6gerungen bei der Auslieferung kommen. Aus diesem Grund sind alle Angaben zu Verf\u00fcgbarkeit und Lieferfrist als Hinweis zu verstehen und stellen keine formale Verpflichtung seitens komunik dar.<\/p>\n\n<h2 class=\"wp-block-heading\">Garantie<\/h2>\n\n<p>Im Falle eines besch\u00e4digten oder nicht der Bestellung entsprechenden Produktes wird dem Kunden nach R\u00fccksendung des defekten Produktes kostenlos ein Ersatzprodukt zugesandt. Jede Beanstandung muss innerhalb von 10 Tagen nach Erhalt schriftlich erfolgen.<\/p>\n\n<h2 class=\"wp-block-heading\">Verantwortlichkeit<\/h2>\n\n<p>F\u00fcr die Auswahl des Motivs und die Rechtschreibung der von ihm eingegebenen Texte sowie der \u00fcbermittelten Bilder ist allein der Kunde verantwortlich. Er erkl\u00e4rt sich damit einverstanden, dass die \u00fcbermittelten Inhalte nicht dem Urheberrecht unterliegen oder rechtlich verwerflich sind. komunik beh\u00e4lt sich das Recht vor, jede Bestellung abzulehnen, die nicht den Allgemeinen Gesch\u00e4ftsbedingungen entspricht oder gegen Moral und Ethik verst\u00f6sst.<\/p>\n\n<h2 class=\"wp-block-heading\">Bezahlung<\/h2>\n\n<p>Die Zahlungen m\u00fcssen in CHF Euro???, per Kreditkarte oder \u00fcber Stripe und Paypal erfolgen.<\/p>\n\n<h2 class=\"wp-block-heading\">Sicherheit der personenbezogenen Daten<\/h2>\n\n<p>Ihre personenbezogenen Daten werden durch geeignete technische und organisatorische Massnahmen vor unberechtigter Verarbeitung gesch\u00fctzt. Sie werden auf keinen Fall an Dritte weitergegeben. Sie werden nur nach den Informationen gefragt, die f\u00fcr die Auslieferung Ihrer Bestellung notwendig sind. In \u00dcbereinstimmung mit den gesetzlichen Bestimmungen haben Sie die M\u00f6glichkeit, den Export und die L\u00f6schung Ihres Kontos und aller Sie betreffenden Daten in der Datenbank dieser Website zu verlangen.<\/p>\n\n<h2 class=\"wp-block-heading\">Recht und geistiges Eigentum<\/h2>\n\n<p>Das Urheberrecht und andere geistige Eigentumsrechte an den Inhalten der Seite sind Eigentum von komunik oder werden mit Genehmigung des betroffenen Eigent\u00fcmers verwendet.<\/p>\n\n<p>Sie sind berechtigt, die Website zu durchsuchen und Ausz\u00fcge daraus wiederzugeben, jedoch nur f\u00fcr Ihren eigenen Gebrauch oder den Ihrer Familie und Freunde. Dies ist m\u00f6glich, solange Sie das Urheberrecht und andere Hinweise auf geistiges Eigentum beachten.<\/p>\n\n<h2 class=\"wp-block-heading\">Gerichtsstand und anwendbares Recht<\/h2>\n\n<p>Alle Rechtsbeziehungen zwischen komunik und dem Kunden unterliegen dem materiellen Schweizer Recht. Die Anwendung des \u00dcbereinkommens der Vereinten Nationen \u00fcber Vertr\u00e4ge \u00fcber den internationalen Warenkauf ist ausgeschlossen. Gerichtsstand f\u00fcr nat\u00fcrliche Personen ist Lausanne oder der Wohnsitz des Kunden. F\u00fcr juristische Personen ist der ausschlie\u00dfliche Gerichtsstand Lausanne.<\/p>\n\n<p>Mai 2020<\/p>\n","protected":false},"excerpt":{"rendered":"<p>Allgemeine Bestimmungen Die Allgemeinen Gesch\u00e4ftsbedingungen (im Folgenden &#8222;AGB&#8222;) gelten f\u00fcr alle Rechtsgesch\u00e4fte, die \u00fcber den von der Firma komunik s\u00e0rl (im Folgenden &#8222;komunik&#8222;) betriebenen Online-Shop www.kidzstickers.com abgeschlossen werden.&#13; &#13; Nur die franz\u00f6sische Version ist verbindlich. komunik beh\u00e4lt sich das Recht vor, die AGB jederzeit zu \u00e4ndern. Die zum Zeitpunkt der Bestellung g\u00fcltige Fassung der AGB [&hellip;]<\/p>\n","protected":false},"author":1,"featured_media":0,"parent":0,"menu_order":0,"comment_status":"closed","ping_status":"open","template":"","meta":{"site-sidebar-layout":"no-sidebar","site-content-layout":"page-builder","ast-site-content-layout":"default","site-content-style":"default","site-sidebar-style":"default","ast-global-header-display":"","ast-banner-title-visibility":"","ast-main-header-display":"","ast-hfb-above-header-display":"","ast-hfb-below-header-display":"","ast-hfb-mobile-header-display":"","site-post-title":"disabled","ast-breadcrumbs-content":"","ast-featured-img":"disabled","footer-sml-layout":"","ast-disable-related-posts":"","theme-transparent-header-meta":"default","adv-header-id-meta":"","stick-header-meta":"","header-above-stick-meta":"","header-main-stick-meta":"","header-below-stick-meta":"","astra-migrate-meta-layouts":"default","ast-page-background-enabled":"default","ast-page-background-meta":{"desktop":{"background-color":"","background-image":"","background-repeat":"repeat","background-position":"center center","background-size":"auto","background-attachment":"scroll","background-type":"","background-media":"","overlay-type":"","overlay-color":"","overlay-opacity":"","overlay-gradient":""},"tablet":{"background-color":"","background-image":"","background-repeat":"repeat","background-position":"center center","background-size":"auto","background-attachment":"scroll","background-type":"","background-media":"","overlay-type":"","overlay-color":"","overlay-opacity":"","overlay-gradient":""},"mobile":{"background-color":"","background-image":"","background-repeat":"repeat","background-position":"center center","background-size":"auto","background-attachment":"scroll","background-type":"","background-media":"","overlay-type":"","overlay-color":"","overlay-opacity":"","overlay-gradient":""}},"ast-content-background-meta":{"desktop":{"background-color":"var(--ast-global-color-5)","background-image":"","background-repeat":"repeat","background-position":"center center","background-size":"auto","background-attachment":"scroll","background-type":"","background-media":"","overlay-type":"","overlay-color":"","overlay-opacity":"","overlay-gradient":""},"tablet":{"background-color":"var(--ast-global-color-5)","background-image":"","background-repeat":"repeat","background-position":"center center","background-size":"auto","background-attachment":"scroll","background-type":"","background-media":"","overlay-type":"","overlay-color":"","overlay-opacity":"","overlay-gradient":""},"mobile":{"background-color":"var(--ast-global-color-5)","background-image":"","background-repeat":"repeat","background-position":"center center","background-size":"auto","background-attachment":"scroll","background-type":"","background-media":"","overlay-type":"","overlay-color":"","overlay-opacity":"","overlay-gradient":""}},"footnotes":""},"class_list":["post-9326","page","type-page","status-publish","hentry"],"yoast_head":"<!-- This site is optimized with the Yoast SEO plugin v27.3 - https:\/\/yoast.com\/product\/yoast-seo-wordpress\/ -->\n<title>Allgemeine Gesch\u00e4ftsbedingungen | KidzStickers - Vos \u00e9tiquettes personnalis\u00e9es pour objets et v\u00eatements - Vos \u00e9tiquettes autocollantes personnalis\u00e9es<\/title>\n<meta name=\"robots\" content=\"index, follow, max-snippet:-1, max-image-preview:large, max-video-preview:-1\" \/>\n<link rel=\"canonical\" href=\"\/de\/allgemeine-geschaeftsbedingungen\/\" \/>\n<meta property=\"og:locale\" content=\"de_DE\" \/>\n<meta property=\"og:type\" content=\"article\" \/>\n<meta property=\"og:title\" content=\"Allgemeine Gesch\u00e4ftsbedingungen | KidzStickers - Vos \u00e9tiquettes personnalis\u00e9es pour objets et v\u00eatements - Vos \u00e9tiquettes autocollantes personnalis\u00e9es\" \/>\n<meta property=\"og:description\" content=\"Allgemeine Bestimmungen Die Allgemeinen Gesch\u00e4ftsbedingungen (im Folgenden &#8222;AGB&#8222;) gelten f\u00fcr alle Rechtsgesch\u00e4fte, die \u00fcber den von der Firma komunik s\u00e0rl (im Folgenden &#8222;komunik&#8222;) betriebenen Online-Shop www.kidzstickers.com abgeschlossen werden.&#013; &#013; Nur die franz\u00f6sische Version ist verbindlich. komunik beh\u00e4lt sich das Recht vor, die AGB jederzeit zu \u00e4ndern. Die zum Zeitpunkt der Bestellung g\u00fcltige Fassung der AGB [&hellip;]\" \/>\n<meta property=\"og:url\" content=\"\/de\/allgemeine-geschaeftsbedingungen\/\" \/>\n<meta property=\"og:site_name\" content=\"KidzStickers - Vos \u00e9tiquettes personnalis\u00e9es pour objets et v\u00eatements\" \/>\n<meta property=\"article:modified_time\" content=\"2021-02-15T14:19:45+00:00\" \/>\n<meta name=\"twitter:card\" content=\"summary_large_image\" \/>\n<meta name=\"twitter:label1\" content=\"Gesch\u00e4tzte Lesezeit\" \/>\n\t<meta name=\"twitter:data1\" content=\"3\u00a0Minuten\" \/>\n<script type=\"application\/ld+json\" class=\"yoast-schema-graph\">{\"@context\":\"https:\\\/\\\/schema.org\",\"@graph\":[{\"@type\":\"WebPage\",\"@id\":\"https:\\\/\\\/kidzstickers.com\\\/de\\\/allgemeine-geschaeftsbedingungen\\\/\",\"url\":\"https:\\\/\\\/kidzstickers.com\\\/de\\\/allgemeine-geschaeftsbedingungen\\\/\",\"name\":\"Allgemeine Gesch\u00e4ftsbedingungen | KidzStickers - Vos \u00e9tiquettes personnalis\u00e9es pour objets et v\u00eatements - Vos \u00e9tiquettes autocollantes personnalis\u00e9es\",\"isPartOf\":{\"@id\":\"https:\\\/\\\/kidzstickers.com\\\/de\\\/#website\"},\"datePublished\":\"2021-02-15T14:19:43+00:00\",\"dateModified\":\"2021-02-15T14:19:45+00:00\",\"breadcrumb\":{\"@id\":\"https:\\\/\\\/kidzstickers.com\\\/de\\\/allgemeine-geschaeftsbedingungen\\\/#breadcrumb\"},\"inLanguage\":\"de\",\"potentialAction\":[{\"@type\":\"ReadAction\",\"target\":[\"https:\\\/\\\/kidzstickers.com\\\/de\\\/allgemeine-geschaeftsbedingungen\\\/\"]}]},{\"@type\":\"BreadcrumbList\",\"@id\":\"https:\\\/\\\/kidzstickers.com\\\/de\\\/allgemeine-geschaeftsbedingungen\\\/#breadcrumb\",\"itemListElement\":[{\"@type\":\"ListItem\",\"position\":1,\"name\":\"Accueil\",\"item\":\"https:\\\/\\\/kidzstickers.com\\\/de\\\/\"},{\"@type\":\"ListItem\",\"position\":2,\"name\":\"Allgemeine Gesch\u00e4ftsbedingungen\"}]},{\"@type\":\"WebSite\",\"@id\":\"https:\\\/\\\/kidzstickers.com\\\/de\\\/#website\",\"url\":\"https:\\\/\\\/kidzstickers.com\\\/de\\\/\",\"name\":\"KidzStickers - Vos \u00e9tiquettes personnalis\u00e9es pour objets et v\u00eatements\",\"description\":\"Stickers personnalis\u00e9s pour habits et objets\",\"publisher\":{\"@id\":\"https:\\\/\\\/kidzstickers.com\\\/de\\\/#organization\"},\"potentialAction\":[{\"@type\":\"SearchAction\",\"target\":{\"@type\":\"EntryPoint\",\"urlTemplate\":\"https:\\\/\\\/kidzstickers.com\\\/de\\\/?s={search_term_string}\"},\"query-input\":{\"@type\":\"PropertyValueSpecification\",\"valueRequired\":true,\"valueName\":\"search_term_string\"}}],\"inLanguage\":\"de\"},{\"@type\":\"Organization\",\"@id\":\"https:\\\/\\\/kidzstickers.com\\\/de\\\/#organization\",\"name\":\"KidzStickers\",\"url\":\"https:\\\/\\\/kidzstickers.com\\\/de\\\/\",\"logo\":{\"@type\":\"ImageObject\",\"inLanguage\":\"de\",\"@id\":\"https:\\\/\\\/kidzstickers.com\\\/de\\\/#\\\/schema\\\/logo\\\/image\\\/\",\"url\":\"https:\\\/\\\/www.kidzstickers.ch\\\/wp-content\\\/uploads\\\/2020\\\/05\\\/cropped-kidzstickers-1.png\",\"contentUrl\":\"https:\\\/\\\/www.kidzstickers.ch\\\/wp-content\\\/uploads\\\/2020\\\/05\\\/cropped-kidzstickers-1.png\",\"width\":160,\"height\":160,\"caption\":\"KidzStickers\"},\"image\":{\"@id\":\"https:\\\/\\\/kidzstickers.com\\\/de\\\/#\\\/schema\\\/logo\\\/image\\\/\"}}]}<\/script>\n<!-- \/ Yoast SEO plugin. -->","yoast_head_json":{"title":"Allgemeine Gesch\u00e4ftsbedingungen | KidzStickers - Vos \u00e9tiquettes personnalis\u00e9es pour objets et v\u00eatements - Vos \u00e9tiquettes autocollantes personnalis\u00e9es","robots":{"index":"index","follow":"follow","max-snippet":"max-snippet:-1","max-image-preview":"max-image-preview:large","max-video-preview":"max-video-preview:-1"},"canonical":"\/de\/allgemeine-geschaeftsbedingungen\/","og_locale":"de_DE","og_type":"article","og_title":"Allgemeine Gesch\u00e4ftsbedingungen | KidzStickers - Vos \u00e9tiquettes personnalis\u00e9es pour objets et v\u00eatements - Vos \u00e9tiquettes autocollantes personnalis\u00e9es","og_description":"Allgemeine Bestimmungen Die Allgemeinen Gesch\u00e4ftsbedingungen (im Folgenden &#8222;AGB&#8222;) gelten f\u00fcr alle Rechtsgesch\u00e4fte, die \u00fcber den von der Firma komunik s\u00e0rl (im Folgenden &#8222;komunik&#8222;) betriebenen Online-Shop www.kidzstickers.com abgeschlossen werden.&#13; &#13; Nur die franz\u00f6sische Version ist verbindlich. komunik beh\u00e4lt sich das Recht vor, die AGB jederzeit zu \u00e4ndern. Die zum Zeitpunkt der Bestellung g\u00fcltige Fassung der AGB [&hellip;]","og_url":"\/de\/allgemeine-geschaeftsbedingungen\/","og_site_name":"KidzStickers - Vos \u00e9tiquettes personnalis\u00e9es pour objets et v\u00eatements","article_modified_time":"2021-02-15T14:19:45+00:00","twitter_card":"summary_large_image","twitter_misc":{"Gesch\u00e4tzte Lesezeit":"3\u00a0Minuten"},"schema":{"@context":"https:\/\/schema.org","@graph":[{"@type":"WebPage","@id":"\/de\/allgemeine-geschaeftsbedingungen\/","url":"\/de\/allgemeine-geschaeftsbedingungen\/","name":"Allgemeine Gesch\u00e4ftsbedingungen | KidzStickers - Vos \u00e9tiquettes personnalis\u00e9es pour objets et v\u00eatements - Vos \u00e9tiquettes autocollantes personnalis\u00e9es","isPartOf":{"@id":"\/de\/#website"},"datePublished":"2021-02-15T14:19:43+00:00","dateModified":"2021-02-15T14:19:45+00:00","breadcrumb":{"@id":"\/de\/allgemeine-geschaeftsbedingungen\/#breadcrumb"},"inLanguage":"de","potentialAction":[{"@type":"ReadAction","target":["\/de\/allgemeine-geschaeftsbedingungen\/"]}]},{"@type":"BreadcrumbList","@id":"\/de\/allgemeine-geschaeftsbedingungen\/#breadcrumb","itemListElement":[{"@type":"ListItem","position":1,"name":"Accueil","item":"\/de\/"},{"@type":"ListItem","position":2,"name":"Allgemeine Gesch\u00e4ftsbedingungen"}]},{"@type":"WebSite","@id":"\/de\/#website","url":"\/de\/","name":"KidzStickers - Vos \u00e9tiquettes personnalis\u00e9es pour objets et v\u00eatements","description":"Stickers personnalis\u00e9s pour habits et objets","publisher":{"@id":"\/de\/#organization"},"potentialAction":[{"@type":"SearchAction","target":{"@type":"EntryPoint","urlTemplate":"\/de\/?s={search_term_string}"},"query-input":{"@type":"PropertyValueSpecification","valueRequired":true,"valueName":"search_term_string"}}],"inLanguage":"de"},{"@type":"Organization","@id":"\/de\/#organization","name":"KidzStickers","url":"\/de\/","logo":{"@type":"ImageObject","inLanguage":"de","@id":"\/de\/#\/schema\/logo\/image\/","url":"https:\/\/www.kidzstickers.ch\/wp-content\/uploads\/2020\/05\/cropped-kidzstickers-1.png","contentUrl":"https:\/\/www.kidzstickers.ch\/wp-content\/uploads\/2020\/05\/cropped-kidzstickers-1.png","width":160,"height":160,"caption":"KidzStickers"},"image":{"@id":"\/de\/#\/schema\/logo\/image\/"}}]}},"jetpack_sharing_enabled":true,"_links":{"self":[{"href":"\/de\/wp-json\/wp\/v2\/pages\/9326","targetHints":{"allow":["GET"]}}],"collection":[{"href":"\/de\/wp-json\/wp\/v2\/pages"}],"about":[{"href":"\/de\/wp-json\/wp\/v2\/types\/page"}],"author":[{"embeddable":true,"href":"\/de\/wp-json\/wp\/v2\/users\/1"}],"replies":[{"embeddable":true,"href":"\/de\/wp-json\/wp\/v2\/comments?post=9326"}],"version-history":[{"count":0,"href":"\/de\/wp-json\/wp\/v2\/pages\/9326\/revisions"}],"wp:attachment":[{"href":"\/de\/wp-json\/wp\/v2\/media?parent=9326"}],"curies":[{"name":"wp","href":"https:\/\/api.w.org\/{rel}","templated":true}]}}